{"id":99,"date":"2023-07-27T18:24:52","date_gmt":"2023-07-27T16:24:52","guid":{"rendered":"https:\/\/city.linkwireless.it\/?page_id=99"},"modified":"2023-08-01T18:11:58","modified_gmt":"2023-08-01T16:11:58","slug":"servizi-e-supporto","status":"publish","type":"page","link":"https:\/\/city.linkwireless.it\/index.php\/servizi-e-supporto\/","title":{"rendered":"Servizi e Supporto"},"content":{"rendered":"<div  data-label=\"Content\" data-id=\"content--1\" data-export-id=\"content-12\" data-category=\"content\" class=\"content-12 content-section content-section-spacing\" id=\"content-1\" style=\"background-color: rgb(255, 255, 255);\"><div  class=\"gridContainer\"> <div  class=\"row text-center\"><div  class=\"section-title-col\" data-type=\"column\">  <p  class=\"lead\">I moderni sistemi di smart retail e digital signage combinano un gran numero di componenti e devono soddisfare un\u2019ampia gamma di requisiti ambientali. Oltre a componenti hardware di alta qualit\u00e0, offriamo anche servizi e supporto adeguati per far funzionare il vostro sistema in modo efficiente e sostenibile.<br >\nLa nostra missione di essere uno sportello unico per i nostri clienti include anche la messa in servizio, la manutenzione e l\u2019implementazione di moderne soluzioni software per una facile gestione e funzionamento del sistema di segnaletica.<\/p><\/div> <\/div> <div  class=\"row center-xs middle-xs\"> <div  class=\"col-sm-9\" data-type=\"column\"> <\/div> <\/div><\/div> <\/div><div  data-label=\"Content\" data-id=\"content--2\" data-export-id=\"content-7\" data-category=\"content\" class=\"content-7 content-section content-section-spacing\" id=\"content-2\" style=\"background-color: rgb(245, 250, 253);\"><div  class=\"gridContainer\"> <div  class=\"row middle-sm\"><div  class=\"col-sm-6 space-bottom-xs\" data-type=\"column\"> <h2  class=\"\">Le nostre soluzioni software \u2013 perfettamente su misura<\/h2> <p  class=\"\">Un buon contenuto \u00e8 essenziale per i sistemi moderni quanto un\u2019amministrazione semplice ed efficiente. Con le nostre soluzioni software CMS, quasi tutti i requisiti di progettazione possono essere implementati facilmente. Per i sistemi PID, offriamo la nostra suite software \u201cmaXcs\u201d, che \u00e8 stata appositamente sviluppata e ottimizzata per i sistemi informativi per i passeggeri.<br >\nSe necessario, sono possibili anche altri sistemi di gestione dei contenuti, in base ai rispettivi requisiti del progetto.<\/p> <\/div> <div  class=\"col-sm-6\" data-type=\"column\"> <img decoding=\"async\"  class=\"shadow-large\" src=\"https:\/\/city.linkwireless.it\/wp-content\/uploads\/2023\/08\/cropped-Immagine-2023-08-01-174018.jpg\" title=\"cropped-Immagine-2023-08-01-174018.jpg\" alt=\"\"><\/div> <\/div><\/div> <\/div><div  data-label=\"Content\" data-id=\"content--3\" data-export-id=\"content-8\" data-category=\"content\" class=\"content-8 content-section content-section-spacing\" id=\"content-3\" style=\"background-color: rgb(255, 255, 255);\"><div  class=\"gridContainer\"> <div  class=\"row middle-sm\"><div  class=\"col-sm-6 space-bottom-xs space-top-xs\" data-type=\"column\"> <img decoding=\"async\"  class=\"shadow-large\" src=\"https:\/\/city.linkwireless.it\/wp-content\/uploads\/2023\/08\/cropped-video-wall-led-lemon-15.png\" title=\"cropped-video-wall-led-lemon-15.png\" alt=\"\"><\/div> <div  class=\"col-sm-6\" data-type=\"column\"><h2  class=\"\">I nostri servizi di installazione \u2013 installazione da parte degli esperti<\/h2> <p  class=\"\">L\u2019installazione e l\u2019implementazione di sistemi di segnaletica pu\u00f2 essere un compito impegnativo, a seconda della posizione. I nostri team di installatori professionisti sono pronti a preparare, configurare e mettere in servizio il sistema di segnaletica su richiesta del cliente.<br >\nAnche nel caso di led wall di grandi dimensioni, i nostri esperti possono installare l\u2019impianto in modo rapido e tempestivo e gestire le eventuali regolazioni desiderate.<\/p> <\/div> <\/div><\/div> <\/div><div  data-label=\"Content\" data-id=\"content--4\" data-export-id=\"content-7\" data-category=\"content\" class=\"content-7 content-section content-section-spacing\" id=\"content-4\" style=\"background-color: rgb(245, 250, 253);\"><div  class=\"gridContainer\"> <div  class=\"row middle-sm\"><div  class=\"col-sm-6 space-bottom-xs\" data-type=\"column\"> <h2  class=\"\">I nostri servizi post-vendita: il miglior supporto<\/h2> <p  class=\"\">Offriamo anche vari servizi dopo che il progetto \u00e8 stato completato per garantire che il tuo progetto rimanga efficiente a lungo termine.<br >\nI nostri prodotti hanno una garanzia standard di 36 mesi, che pu\u00f2 essere estesa se necessario.<br >\nInoltre, forniamo ai nostri clienti un supporto professionale e personale tecnicamente qualificato per la manutenzione e l\u2019assistenza.<\/p> <\/div> <div  class=\"col-sm-6\" data-type=\"column\"> <img decoding=\"async\"  class=\"shadow-large\" src=\"https:\/\/city.linkwireless.it\/wp-content\/uploads\/2023\/08\/cropped-Immagine-2023-08-01-181045.jpg\" title=\"cropped-Immagine-2023-08-01-181045.jpg\" alt=\"\"><\/div> <\/div><\/div> <\/div><div  data-label=\"Content\" data-id=\"content--5\" data-export-id=\"content-8\" data-category=\"content\" class=\"content-8 content-section content-section-spacing\" id=\"content-5\" style=\"background-color: rgb(255, 255, 255);\"><div  class=\"gridContainer\"> <div  class=\"row middle-sm\"><div  class=\"col-sm-6 space-bottom-xs space-top-xs\" data-type=\"column\"> <img decoding=\"async\"  class=\"shadow-large\" src=\"https:\/\/city.linkwireless.it\/wp-content\/uploads\/2023\/08\/cropped-Immagine-2023-08-01-174354.jpg\" title=\"cropped-Immagine-2023-08-01-174354.jpg\" alt=\"\"><\/div> <div  class=\"col-sm-6\" data-type=\"column\"><h2  class=\"\">Approfondimenti e funzionalit\u00e0 estendibili<\/h2> <p  class=\"\">Scopri di pi\u00f9 sui tuoi clienti e sul loro comportamento di acquisto! Conta le interazioni e gli interessi dei clienti e ottimizza le tue campagne di marketing.<br >\nPossono essere integrate anche altre funzioni intelligenti come il riconoscimento di volti, et\u00e0\/sesso, controllo vocale e sensori di luminosit\u00e0 o prossimit\u00e0. Ci\u00f2 consente di utilizzare le informazioni sugli utenti per contenuti personalizzati e azioni specifiche del gruppo target.<br >\nInoltre, i nostri sistemi possono essere dotati di un\u2019ampia variet\u00e0 di opzioni di montaggio (parete, pavimento, soffitto) e, se necessario, con soluzioni abitative personalizzate. Non ci sono quasi limiti alla tua creativit\u00e0!<\/p> <\/div> <\/div><\/div> <\/div>","protected":false},"excerpt":{"rendered":"<p>I moderni sistemi di smart retail e digital signage combinano un gran numero di componenti e devono soddisfare un\u2019ampia gamma di requisiti ambientali. Oltre a componenti hardware di alta qualit\u00e0, offriamo anche servizi e supporto adeguati per far funzionare il vostro sistema in modo efficiente e sostenibile. La nostra missione di essere uno sportello unico&hellip; <br \/> <a class=\"read-more\" href=\"https:\/\/city.linkwireless.it\/index.php\/servizi-e-supporto\/\">Read more<\/a><\/p>\n","protected":false},"author":1,"featured_media":0,"parent":0,"menu_order":0,"comment_status":"closed","ping_status":"closed","template":"pro\/page-templates\/full-width-page.php","meta":{"footnotes":""},"class_list":["post-99","page","type-page","status-publish","hentry"],"_links":{"self":[{"href":"https:\/\/city.linkwireless.it\/index.php\/wp-json\/wp\/v2\/pages\/99","targetHints":{"allow":["GET"]}}],"collection":[{"href":"https:\/\/city.linkwireless.it\/index.php\/wp-json\/wp\/v2\/pages"}],"about":[{"href":"https:\/\/city.linkwireless.it\/index.php\/wp-json\/wp\/v2\/types\/page"}],"author":[{"embeddable":true,"href":"https:\/\/city.linkwireless.it\/index.php\/wp-json\/wp\/v2\/users\/1"}],"replies":[{"embeddable":true,"href":"https:\/\/city.linkwireless.it\/index.php\/wp-json\/wp\/v2\/comments?post=99"}],"version-history":[{"count":0,"href":"https:\/\/city.linkwireless.it\/index.php\/wp-json\/wp\/v2\/pages\/99\/revisions"}],"wp:attachment":[{"href":"https:\/\/city.linkwireless.it\/index.php\/wp-json\/wp\/v2\/media?parent=99"}],"curies":[{"name":"wp","href":"https:\/\/api.w.org\/{rel}","templated":true}]}}