{"id":6,"date":"2023-07-15T12:56:20","date_gmt":"2023-07-15T10:56:20","guid":{"rendered":"https:\/\/city.linkwireless.it\/index.php\/mesmerize-pro\/"},"modified":"2023-12-05T08:51:47","modified_gmt":"2023-12-05T07:51:47","slug":"mesmerize-pro","status":"publish","type":"page","link":"https:\/\/city.linkwireless.it\/","title":{"rendered":"Front Page"},"content":{"rendered":"<div  data-label=\"Content\" data-id=\"content--11\" data-export-id=\"content-8\" data-category=\"content\" class=\"content-8 content-section content-section-spacing\" id=\"content-25\" style=\"background-color: rgb(245, 250, 253);\"><div  class=\"gridContainer\"> <div  class=\"row middle-sm\"><div  class=\"col-sm-6 space-bottom-xs space-top-xs\" data-type=\"column\"> <img  decoding=\"async\" class=\"shadow-large\" src=\"https:\/\/city.linkwireless.it\/wp-content\/uploads\/2023\/08\/cropped-cropped-cropped-shopping-girl-looking-store-window-scaled-1.jpg\" title=\"shopping-girl-looking-store-window\" alt=\"\"><\/div> <div  class=\"col-sm-6\" data-type=\"column\"><h2  class=\"\">Rendi la tua attivit\u00e0 pi\u00f9 intelligente ed efficiente!<\/h2> <p  class=\"\">Poich\u00e9 il digital signage ha un impatto sempre maggiore sulle nostre vite e presenta opportunit\u00e0 per il mondo degli affari, le sue capacit\u00e0 si stanno<br >\r\nanche evolvendo da un sistema passivo che spinge i contenuti a un sistema pi\u00f9 avanzato che si connette, interagisce e estrae i contenuti da<br >\r\ndiverse fonti in tempo reale.<\/p> <a class=\"button color1\" href=\"https:\/\/city.linkwireless.it\/index.php\/che-cosa-e\" target=\"_self\" data-cp-link=\"1\" data-icon=\"\" rel=\"noopener\">Continua a leggere<\/a><\/div> <\/div><\/div> <\/div><div  data-label=\"Content\" data-id=\"content--8\" data-export-id=\"content-7\" data-category=\"content\" class=\"content-7 content-section content-section-spacing\" id=\"content-22\" style=\"background-color: rgb(255, 255, 255); background-image: none;\"><div  class=\"gridContainer\"> <div  class=\"row middle-sm\"><div  class=\"col-sm-6 space-bottom-xs\" data-type=\"column\"> <h2  class=\"\">Lascia che i tuoi clienti sperimentino un vero effetto wow!<\/h2> <p  class=\"\">Conosciamo i tipi di segnaletica digitale utilizzati in generale. Questi includono<br >\r\nposter digitali, schermi indipendenti, display a soffitto, segnaletica digitale per<br >\r\nesterni, segnaletica digitale per interni, menu digitali e altro ancora. Ma chi li usa a proprio vantaggio? La verit\u00e0 \u00e8 che possono utilizzarli tutti: per costruire<br >\r\nl\u2019identit\u00e0 del marchio, veicolare un messaggio pubblicitario o uno di interesse<br >\r\naziendale. \u00c8 molto rilevante che ci\u00f2 che si offre viene visualizzato in un luogo<br >\r\nscelto per trarne il massimo beneficio.<\/p> <a class=\"button color1\" href=\"https:\/\/city.linkwireless.it\/index.php\/esempi-applicazioni\" target=\"_self\" data-cp-link=\"1\" data-icon=\"\" rel=\"noopener\">Continua a leggere<\/a><\/div> <div  class=\"col-sm-6\" data-type=\"column\"> <img  decoding=\"async\" class=\"shadow-large\" src=\"https:\/\/city.linkwireless.it\/wp-content\/uploads\/2023\/08\/cropped-wepik-export-202308011504350d7b.jpeg\" title=\"cropped-wepik-export-202308011504350d7b.jpeg\" alt=\"\"><\/div> <\/div><\/div> <\/div><div  data-label=\"Content\" data-id=\"content--12\" data-export-id=\"content-8\" data-category=\"content\" class=\"content-8 content-section content-section-spacing\" id=\"content-26\" style=\"background-color: rgb(245, 250, 253);\"><div  class=\"gridContainer\"> <div  class=\"row middle-sm\"><div  class=\"col-sm-6 space-bottom-xs space-top-xs\" data-type=\"column\"> <img  decoding=\"async\" class=\"shadow-large\" src=\"https:\/\/city.linkwireless.it\/wp-content\/uploads\/2023\/09\/cropped-Immagine-2023-09-09-105942.jpg\" title=\"cropped-Immagine-2023-09-09-105942.jpg\" alt=\"\"><\/div> <div  class=\"col-sm-6\" data-type=\"column\"><h2  class=\"\">Ottieni nuove informazioni e ottimizza le tue offerte<\/h2> <p  class=\"\">Scopri di pi\u00f9 sui tuoi clienti e sul loro comportamento di acquisto! Ottimizza le tue campagne di marketing monitorando, misurando e valutando le interazioni e gli interessi dei clienti. Puoi anche integrare funzionalit\u00e0 intelligenti come il riconoscimento facciale, l\u2019et\u00e0 o del sesso per fornire contenuti mirati e personalizzati ai tuoi clienti.<\/p> <a class=\"button color1\" href=\"https:\/\/city.linkwireless.it\/index.php\/migliora-il-tuo-marketing\" target=\"_self\" data-cp-link=\"1\" data-icon=\"\" rel=\"noopener\">Continua a leggere<\/a><\/div> <\/div><\/div> <\/div><div  data-label=\"Content\" data-id=\"content--13\" data-export-id=\"content-7\" data-category=\"content\" class=\"content-7 content-section content-section-spacing\" id=\"content-27\" style=\"background-color: rgb(255, 255, 255); background-image: none;\"><div  class=\"gridContainer\"> <div  class=\"row middle-sm\"><div  class=\"col-sm-6 space-bottom-xs\" data-type=\"column\"> <h2  class=\"\">Monitor per segnaletica esterna da 22 a 105\u2033<\/h2> <p  class=\"\">Leggibilit\u00e0 perfetta, componenti ad alte prestazioni ed estremamente robusti a un prezzo imbattibile: scopri i vantaggi del potente monitor per segnaletica per la tua applicazione outdoor personalizzata.<\/p> <a class=\"button color1\" href=\"https:\/\/city.linkwireless.it\/index.php\/monitor-75-samsung\" target=\"_self\" data-cp-link=\"1\" data-icon=\"\" rel=\"noopener\">Continua a leggere<\/a><\/div> <div  class=\"col-sm-6\" data-type=\"column\"> <img  decoding=\"async\" class=\"shadow-large\" src=\"https:\/\/city.linkwireless.it\/wp-content\/uploads\/2023\/08\/cropped-cropped-japanese-subway-system-passenger-information-display-screen-scaled-1-1.jpg\" title=\"japanese-subway-system-passenger-information-display-screen\" alt=\"\"><\/div> <\/div><\/div> <\/div><div  data-label=\"Content\" data-id=\"content--7\" data-export-id=\"content-8\" data-category=\"content\" class=\"content-8 content-section content-section-spacing\" id=\"content-21\" style=\"background-color: rgb(245, 250, 253);\"><div  class=\"gridContainer\"> <div  class=\"row middle-sm\"><div  class=\"col-sm-6 space-bottom-xs space-top-xs\" data-type=\"column\"> <img  decoding=\"async\" class=\"shadow-large\" src=\"https:\/\/city.linkwireless.it\/wp-content\/uploads\/2023\/08\/cropped-cropped-blank-mock-up-vertical-poster-billboard-scaled-1-1.jpg\" title=\"cropped-blank-mock-up-vertical-poster-billboard-scaled-1\" alt=\"\"><\/div> <div  class=\"col-sm-6\" data-type=\"column\"><h2  class=\"\">Design elegante e sottile \u2013 con le massime prestazioni<\/h2> <p  class=\"\">Il digital signage non \u00e8 pi\u00f9 solo un semplice schermo che mostra<br >\r\ncontenuti orchestrati nel tempo. Viviamo in un\u2019epoca in cui industrie,<br >\r\ncreatori e fornitori di servizi possono scegliere a piacimento tra una<br >\r\nvariet\u00e0 di hardware di segnaletica digitale per raggiungere i loro<br >\r\nobiettivi. Alcune soluzioni software all\u2019avanguardia, consentono anche<br >\r\nal team non tecnico di adottare le moderne tecnologie con il minimo<br >\r\nsforzo ed esperienza.<\/p> <a class=\"button color1\" href=\"https:\/\/city.linkwireless.it\/index.php\/hardware\" target=\"_self\" data-cp-link=\"1\" data-icon=\"\" rel=\"noopener\">Continua a leggere<\/a><\/div> <\/div><\/div> <\/div><div  data-label=\"Content\" data-id=\"content--14\" data-export-id=\"content-7\" data-category=\"content\" class=\"content-7 content-section content-section-spacing\" id=\"content-28\" style=\"background-color: rgb(255, 255, 255); background-image: none;\"><div  class=\"gridContainer\"> <div  class=\"row middle-sm\"><div  class=\"col-sm-6 space-bottom-xs\" data-type=\"column\"> <h2  class=\"\">CMS \u2013 Software di Gestione<\/h2> <p  class=\"\">Descrivere il prodotto e dare una definizione generale non \u00e8 facile, perch\u00e9 le<br >\r\nopzioni del nostro software offrono diversi livelli di capacit\u00e0 e quindi adattabile a diverse applicazioni.<br >\r\nTuttavia, scendendo a compromessi cerchiamo di descrivere come dovrebbe<br >\r\nessere una soluzione software di segnaletica digitale ideale. Dovrebbe consentire ai suoi utenti di creare facilmente esperienze di segnaletica digitale con la possibilit\u00e0 di incorporare interattivit\u00e0, integrazione di hardware e servizi di terze parti e raccolta di dati per l\u2019analisi. Dovrebbe offrire totale libert\u00e0 per la selezione del formato multimediale e consentire qualsiasi design, layout o storyboard.<br >\r\nDovrebbe facilitare la collaborazione e la distribuzione remota.<\/p> <a class=\"button color1\" href=\"https:\/\/city.linkwireless.it\/index.php\/cms-software-di-gestione\" target=\"_self\" data-cp-link=\"1\" data-icon=\"\" rel=\"noopener\">Continua a leggere<\/a><\/div> <div  class=\"col-sm-6\" data-type=\"column\"> <img  decoding=\"async\" class=\"shadow-large\" src=\"https:\/\/city.linkwireless.it\/wp-content\/uploads\/2023\/09\/cropped-cropped-Immagine-2023-08-16-181330-1.jpg\" title=\"cropped-cropped-Immagine-2023-08-16-181330-1.jpg\" alt=\"\"><\/div> <\/div><\/div> <\/div><div  id=\"features-3\" style=\"background-color: #ffffff;\" data-label=\"Features\" data-id=\"features-12-card-bordered\" data-export-id=\"features-12-card-bordered\" data-category=\"features\" class=\"features-12-card-bordered content-section content-section-spacing \"><div  class=\"gridContainer\"> <div  class=\"row text-center\"><div  class=\"section-title-col\" data-type=\"column\"> <h2  class=\"\"><\/h2> <\/div> <\/div> <div  class=\"row spaced-cols\" data-type=\"row\"> <div  class=\"col-sm-6\"> <div  class=\"card row-card bordered y-move\"> <div  class=\"row\"> <div  class=\"col-sm-fit icon-column\"> <i  class=\"fa icon fa-connectdevelop round bordered color2\"><\/i> <\/div> <div  class=\"col-sm\" data-type=\"column\"> <h5  class=\"color2\">Design e componenti di livello professionale<\/h5> <p  class=\"\" style=\"text-align: left;\">\u2013 Funzionamento 24 ore su 24, 7 giorni su 7<br >\u2013 modalit\u00e0 orizzontale e verticale<br >\u2013 design sottile<br >\u2013 interno ed esterno<br >\u2013 Montaggio VESA<\/p><\/div> <\/div><\/div> <\/div> <div  class=\"col-sm-6\"> <div  class=\"card row-card bordered y-move\"> <div  class=\"row\"> <div  class=\"col-sm-fit icon-column\"> <i  class=\"fa icon fa-codepen round bordered color2\"><\/i> <\/div> <div  class=\"col-sm\" data-type=\"column\"> <h5  class=\"color2\">Interazione con il cliente<\/h5> <p  class=\"\">\u2013 riconoscimento facciale<br >\u2013 conteggio delle persone<br >\u2013 rilevamento utenti (sesso, et\u00e0)<br >\u2013 sensore di prossimit\u00e0<\/p><\/div> <\/div><\/div> <\/div> <div  class=\"col-sm-6\"> <div  class=\"card row-card bordered y-move\"> <div  class=\"row\"> <div  class=\"col-sm-fit icon-column\"> <i  class=\"fa icon fa-cube round bordered color2\"><\/i> <\/div> <div  class=\"col-sm\" data-type=\"column\"> <h5  class=\"color2\">Gestione dei contenuti semplice e intelligente<\/h5> <p  class=\"\">\u2013 integrazione di immagini, video, suoni, newsfeed, meteo<br >\r\naggiornamenti contenuti remoti per schermi singoli o gruppi di schermi<br >\u2013 reportistica dei contenuti visualizzati e analisi del comportamento dei clienti<br >\u2013 integrazione di banche dati esterne<\/p><\/div> <\/div><\/div> <\/div> <div  class=\"col-sm-6\"> <div  class=\"card row-card bordered y-move\"> <div  class=\"row\"> <div  class=\"col-sm-fit icon-column\"> <i  class=\"fa icon fa-database round bordered color2\"><\/i> <\/div> <div  class=\"col-sm\" data-type=\"column\"> <h5  class=\"color2\">Sistema pronto per l\u2019IoT<\/h5> <p  class=\"\">\u2013 connessione dati mobile<br >\u2013 Bluetooth e Wi-Fi<br >\u2013 servizi cloud<\/p><\/div> <\/div><\/div> <\/div><div  class=\"col-sm-6\"> <div  class=\"card row-card bordered y-move\"> <div  class=\"row\"> <div  class=\"col-sm-fit icon-column\"> <i  class=\"fa icon fa-connectdevelop round bordered color2\"><\/i> <\/div> <div  class=\"col-sm\" data-type=\"column\"> <h5  class=\"color2\">Plug<\/h5> <p  class=\"\">\u2013 interfacce all\u2019avanguardia<br >\u2013 software preinstallato<br >\u2013 modelli di licenza software flessibili<\/p><\/div> <\/div><\/div> <\/div><div  class=\"col-sm-6\"> <div  class=\"card row-card bordered y-move\"> <div  class=\"row\"> <div  class=\"col-sm-fit icon-column\"> <i  class=\"fa icon fa-connectdevelop round bordered color2\"><\/i> <\/div> <div  class=\"col-sm\" data-type=\"column\"> <h5  class=\"color2\">Colori brillanti e vivaci<\/h5> <p  class=\"\" style=\"text-align: left;\">\u2013 4K\/UHD<br >\r\n\u2013 contrasto e luminosit\u00e0 elevati<br >\r\n\u2013 ampi angoli di visione<br >\r\n\u2013 leggibile alla luce del sole<\/p><\/div> <\/div><\/div> <\/div><\/div> <\/div><\/div>","protected":false},"excerpt":{"rendered":"<p>Rendi la tua attivit\u00e0 pi\u00f9 intelligente ed efficiente! Poich\u00e9 il digital signage ha un impatto sempre maggiore sulle nostre vite e presenta opportunit\u00e0 per il mondo degli affari, le sue capacit\u00e0 si stanno anche evolvendo da un sistema passivo che spinge i contenuti a un sistema pi\u00f9 avanzato che si connette, interagisce e estrae i&hellip; <br \/> <a class=\"read-more\" href=\"https:\/\/city.linkwireless.it\/\">Read more<\/a><\/p>\n","protected":false},"author":1,"featured_media":0,"parent":0,"menu_order":0,"comment_status":"closed","ping_status":"closed","template":"page-templates\/homepage.php","meta":{"footnotes":""},"class_list":["post-6","page","type-page","status-publish","hentry"],"_links":{"self":[{"href":"https:\/\/city.linkwireless.it\/index.php\/wp-json\/wp\/v2\/pages\/6","targetHints":{"allow":["GET"]}}],"collection":[{"href":"https:\/\/city.linkwireless.it\/index.php\/wp-json\/wp\/v2\/pages"}],"about":[{"href":"https:\/\/city.linkwireless.it\/index.php\/wp-json\/wp\/v2\/types\/page"}],"author":[{"embeddable":true,"href":"https:\/\/city.linkwireless.it\/index.php\/wp-json\/wp\/v2\/users\/1"}],"replies":[{"embeddable":true,"href":"https:\/\/city.linkwireless.it\/index.php\/wp-json\/wp\/v2\/comments?post=6"}],"version-history":[{"count":0,"href":"https:\/\/city.linkwireless.it\/index.php\/wp-json\/wp\/v2\/pages\/6\/revisions"}],"wp:attachment":[{"href":"https:\/\/city.linkwireless.it\/index.php\/wp-json\/wp\/v2\/media?parent=6"}],"curies":[{"name":"wp","href":"https:\/\/api.w.org\/{rel}","templated":true}]}}