{"id":402,"date":"2023-08-16T18:53:28","date_gmt":"2023-08-16T16:53:28","guid":{"rendered":"https:\/\/city.linkwireless.it\/?page_id=402"},"modified":"2023-08-18T11:02:46","modified_gmt":"2023-08-18T09:02:46","slug":"ds-nei-trasporti-pubblici-informare-e-intrattenere","status":"publish","type":"page","link":"https:\/\/city.linkwireless.it\/index.php\/ds-nei-trasporti-pubblici-informare-e-intrattenere\/","title":{"rendered":"DS NEI TRASPORTI PUBBLICI: Informare e intrattenere"},"content":{"rendered":"<div  data-label=\"Content\" data-id=\"content--1\" data-export-id=\"content-12\" data-category=\"content\" class=\"content-12 content-section content-section-spacing\" id=\"content-1\" style=\"background-color: rgb(255, 255, 255);\"><div  class=\"gridContainer\"> <div  class=\"row text-center\"><div  class=\"section-title-col\" data-type=\"column\">  <p  class=\"lead\">Comunicare orari e fermate \u00e8 solo una delle applicazioni che pu\u00f2 trovare il Digital Signage nel settore dei trasporti pubblici.<br >\nPer questo la nostra azienda, realizza sistemi che possono sfruttare a pieno le potenzialit\u00e0 di monitor e totem in bus, metro, stazioni e pensiline.<br >\nNon stiamo parlano solo di aiutare le persone a orientarsi nella stazione o nella scelta dell\u2019autobus giusto e nemmeno di permettere agli utenti di avere sotto gli occhi gli orari e i percorsi sempre aggiornati. Il Digital Signage per i trasporti pubblici pu\u00f2 fare molto di pi\u00f9.<br >\nMonitor installati in prossimit\u00e0 delle fermate o quelli presenti sugli stessi mezzi di trasporto sono perfetti per veicolare contenuti informativi e di entertainment.<br >\n<span  style=\"font-weight: 600;\">Come usare il Digital Signage in bus, metro, stazioni e pensiline<\/span><br >\nI tempi in cui sui monitor si leggeva il nome della destinazione e poco altro stanno finendo. Per non parlare di quelli in cui la fermata veniva annunciata da una fredda e estemporanea voce meccanica. In alternativa ci sono sistemi pi\u00f9 coinvolgenti in cui il Digital Signage pu\u00f2 essere veramente efficace e risolutivo.<br >\n<span  style=\"font-weight: 600;\">Indicatore di percorsi intelligente<\/span><br >\nViaggiatori abituali e non, che visitano una citt\u00e0 o un nuovo quartiere per la prima volta hanno bisogno di istruzioni chiare sulla direzione da prendere. Confusi, stressati e di fretta, per i viaggiatori trovare un totem che offre indicazioni chiare e intuitive per raggiungere la destinazione desiderata diventa una panacea.<br >\nNon stiamo parlando di un totem su cui vengono visualizzati contenuti statici e impersonali ma di uno dove siano implementati sistemi di ricerca che consentano all\u2019utente di selezionare il suo punto di arrivo e di partenza. In questo modo potr\u00e0 visualizzare solo i bus, le metro e le strade che lo interessano.<br >\n<span  style=\"font-weight: 600;\">Aggiornamenti in tempo reale<\/span><br >\nUn autobus in ritardo o che non \u00e8 passer\u00e0 per qualche motivo, crea di sicuro un disagio che pu\u00f2 essere attenuato informando in tempo reale i viaggiatori che altrimenti sarebbero lasciati l\u00ec ad attendere il nulla.<br >\nCon l\u2019uso di monitor digitali \u00e8 possibile evitare queste spiacevoli situazioni. Di fatto, basta un player e una buona rete Wi-fi per poter comunicare ai viaggiatori informazioni in tempo reale come:<br >\n\uf0b7-&nbsp; Orari di arrivo in real time<br >\u2013 Comunicazioni di emergenza<br >\u2013 Ritardi o cancellazioni<br >\n\uf0b7 \u2013 Consigli e suggerimenti sui comportamenti da tenere in viaggio<br >\nInoltre lo si pu\u00f2 utilizzare per mostrare alle persone in attesa, la disponibilit\u00e0 di posti. I passeggeri eviteranno di salire tutti sullo stesso mezzo se a monitor vedono che ce n\u2019\u00e8 in arrivo uno pi\u00f9 vuoto.<br >\n<span  style=\"font-weight: 600;\">Intrattenimento e branding<\/span><br >\nI monitor nelle sale d\u2019attesa e nelle pensiline possono prendere il posto di poster e cartelloni pubblicitari statici. Grazie ai a contenuti accattivanti e comunicazioni dinamiche sono in grado di attirare l\u2019attenzione dei viaggiatori intrattenendoli.<br >\nI contenuti che potranno essere mostrati sono news, meteo e notizie sportive che unitamente a giochi, quiz o informazioni su eventi, cinema e teatro, possono catturare l\u2019attenzione dell\u2019utente e rendere il viaggio pi\u00f9 leggero.<br >\nUnitamente al miglioramento dell\u2019esperienza di viaggio dei passeggeri, il Digital Signage \u00e8 in grado di portare benefici anche alle aziende che vorranno creare una comunicazione commerciale sui dispositivi. Infatti i luoghi di transito come stazioni di metro, bus e treni sono posti particolarmente validi per una campagna di branding.<br >\nL\u2019occhio del viaggiatore sar\u00e0 sicuramente attratto da video, immagini e movimenti che attirano facilmente l\u2019attenzione.<\/p><\/div> <\/div> <div  class=\"row center-xs middle-xs\"> <div  class=\"col-sm-9\" data-type=\"column\"> <img decoding=\"async\"  class=\"shadow-large\" src=\"https:\/\/city.linkwireless.it\/wp-content\/uploads\/2023\/08\/Immagine-2023-08-16-185016.jpg\" title=\"Immagine 2023-08-16 185016\" alt=\"\"><\/div> <\/div><\/div> <\/div>","protected":false},"excerpt":{"rendered":"<p>Comunicare orari e fermate \u00e8 solo una delle applicazioni che pu\u00f2 trovare il Digital Signage nel settore dei trasporti pubblici. Per questo la nostra azienda, realizza sistemi che possono sfruttare a pieno le potenzialit\u00e0 di monitor e totem in bus, metro, stazioni e pensiline. Non stiamo parlano solo di aiutare le persone a orientarsi nella&hellip; <br \/> <a class=\"read-more\" href=\"https:\/\/city.linkwireless.it\/index.php\/ds-nei-trasporti-pubblici-informare-e-intrattenere\/\">Read more<\/a><\/p>\n","protected":false},"author":1,"featured_media":0,"parent":0,"menu_order":0,"comment_status":"closed","ping_status":"closed","template":"pro\/page-templates\/full-width-page.php","meta":{"footnotes":""},"class_list":["post-402","page","type-page","status-publish","hentry"],"_links":{"self":[{"href":"https:\/\/city.linkwireless.it\/index.php\/wp-json\/wp\/v2\/pages\/402","targetHints":{"allow":["GET"]}}],"collection":[{"href":"https:\/\/city.linkwireless.it\/index.php\/wp-json\/wp\/v2\/pages"}],"about":[{"href":"https:\/\/city.linkwireless.it\/index.php\/wp-json\/wp\/v2\/types\/page"}],"author":[{"embeddable":true,"href":"https:\/\/city.linkwireless.it\/index.php\/wp-json\/wp\/v2\/users\/1"}],"replies":[{"embeddable":true,"href":"https:\/\/city.linkwireless.it\/index.php\/wp-json\/wp\/v2\/comments?post=402"}],"version-history":[{"count":0,"href":"https:\/\/city.linkwireless.it\/index.php\/wp-json\/wp\/v2\/pages\/402\/revisions"}],"wp:attachment":[{"href":"https:\/\/city.linkwireless.it\/index.php\/wp-json\/wp\/v2\/media?parent=402"}],"curies":[{"name":"wp","href":"https:\/\/api.w.org\/{rel}","templated":true}]}}