{"id":330,"date":"2023-08-16T17:02:40","date_gmt":"2023-08-16T15:02:40","guid":{"rendered":"https:\/\/city.linkwireless.it\/?page_id=330"},"modified":"2023-09-09T11:15:32","modified_gmt":"2023-09-09T09:15:32","slug":"hardware","status":"publish","type":"page","link":"https:\/\/city.linkwireless.it\/index.php\/hardware\/","title":{"rendered":"Hardware"},"content":{"rendered":"<div  data-label=\"About\" data-id=\"about--1\" data-export-id=\"about-10\" data-category=\"about\" class=\"about-10 content-section content-section-spacing\" id=\"about-1\" style=\"background-color: rgb(255, 255, 255);\"><div  class=\"gridContainer\"> <div  class=\"row middle-sm text-center\"><div  class=\"col-sm-5 space-bottom-xs content-column\" data-type=\"column\"> <h5  class=\"\">HARDWARE UTILIZZATO<\/h5>  <p  class=\"\">Ci sono infiniti usi, che supportano una variet\u00e0 di<br >\naziende e bisogni del pubblico. In prospettiva, si<br >\nprevede che il digital signage nel pi\u00f9 maturo<br >\nmercato americano crescer\u00e0 fino a raggiungere i<br >\n30 miliardi di dollari entro il 2024, numeri che<br >\nsuggeriscono l\u2019enorme potenziale che si trova<br >\nall\u2019interno di questa tecnologia. In quest\u2019ottica e<br >\ncon la consapevolezza che il mercato americano \u00e8<br >\nsempre un precursore, \u00e8 palese che in Europa e<br >\nevidentemente in Italia si avranno le stesse<br >\ndinamiche.<br >Le due tecnologie pi\u00f9 popolari sono:\n<br ><br >\n\u2022 La tecnologia touch capacitiva rileva qualsiasi cosa conduttiva. I sensori incorporati nel vetro rilevano la posizione del flusso di corrente che viene quindi registrato come evento tattile. La forma pi\u00f9 popolare \u00e8 nota come capacitiva proiettata e pu\u00f2 essere trovata in tutti i telefoni cellulari e tablet. I display capacitivi sono considerati la tecnologia touch pi\u00f9 precisa e quindi il gold standard se l\u2019ambiente di destinazione \u00e8 protetto dalle intemperie.<br >\n\u2022 La tecnologia a infrarossi emette una griglia di luce infrarossa invisibile sulla superficie di uno schermo LED\/LCD. Quando un oggetto entra in contatto con lo schermo, la luce a infrarossi viene interrotta, determinando l\u2019identificazione della posizione del tocco. A differenza dei display capacitivi di progetto, che richiedono materiale conduttivo per indicare un tocco, i<br >\ndisplay a infrarossi possono funzionare con qualsiasi materiale.<\/p> <\/div> <div  class=\"col-sm-7 flexbox middle-xs center-xs space-bottom-xs\"><div  class=\"overlay-box middle-xs center-xs flexbox\"> <div  class=\"overlay-box-offset offset-border shadow-medium border-color1 hide-xs\"><\/div> <img  decoding=\"async\" class=\"shadow-large\" data-size=\"485x705\" src=\"https:\/\/city.linkwireless.it\/wp-content\/uploads\/2023\/08\/Immagine-2023-08-16-170449-1.jpg\" title=\"Immagine 2023-08-16 170449\" alt=\"\"><\/div> <\/div><\/div> <\/div><\/div><div  data-label=\"About\" data-id=\"about--2\" data-export-id=\"about-1\" data-category=\"about\" class=\"about-1 content-section\" id=\"about-2\" style=\"background-color: rgb(245, 250, 253);\"><div  class=\"gridContainer\"> <div  class=\"row text-center\"><div  class=\"section-title-col\" data-type=\"column\">  <h2  class=\"\">Tecnologia faro<\/h2> <p  class=\"lead\">Dispositivi a basso consumo energetico che trasmettono un identificatore<br >\nunivoco o un URL. Assegnando al faro singoli elementi o inviando<br >\nnotifiche, i fornitori di contenuti possono creare un ponte contestuale tra<br >\ni display e il prodotto reale o un dispositivo mobile. L\u2019utilizzo di esempio<br >\ninclude il marketing di prossimit\u00e0 e la guida turistica automatizzata.<br >\nRFID, NFC e altri lettori (come codice AR, chip e pin, ecc.)<br >\nTutti questi dispositivi acquisiscono ID univoci che possono essere<br >\nutilizzati per identificare le informazioni rilevanti. Ad esempio, fai scorrere<br >\nla tua tessera associativa e le informazioni sulla tua iscrizione verranno<br >\nvisualizzate sullo schermo.<\/p><\/div> <\/div> <div  class=\"row\"> <div  class=\"button-holder space-bottom space-bottom-small\" data-type=\"column\"> <h2  class=\"\">Oggetti connessi<\/h2><p  class=\"lead\">Gli oggetti connessi sono dispositivi presenti su Internet e accessibili<br >\ntramite una sorta di API, che semplifica l\u2019alimentazione di informazioni da<br >\ne verso gli stessi con altri servizi digitali. La risultante Internet of Things<br >\n(IoT) sta diventando sempre pi\u00f9 pervasiva. (Pensa al frigorifero che ti invia<br >\nmessaggi di testo quando hai finito il latte.) Questa tecnologia pu\u00f2<br >\ncollegare una soluzione di segnaletica digitale a luci, fotocamere, TV, ecc.<\/p><h2  class=\"\">Oggetti tangibili<\/h2><p  class=\"lead\">In questo caso si parla di qualcosa di molto diverso dalle dita su uno<br >\nschermo, il quale avvalendosi dell\u2019uso di telecamere \u00e8 in grado di<br >\nriconoscere il genere e l\u2019et\u00e0 di chi si \u00e8 posto difronte allo schermo e<br >\nreagire modificando il tipo di messaggio e di grafica che sta<br >\nrappresentando.<\/p><\/div> <div  class=\"col-xs bottom-xs flexbox image-group-bottom-3-img space-bottom-xs center-xs\"> <img  decoding=\"async\" class=\"left-img shadow-large-black\" data-size=\"500x300\" src=\"https:\/\/city.linkwireless.it\/wp-content\/uploads\/2023\/08\/cropped-shopping-girl-looking-store-window-scaled-1.jpg\" title=\"shopping-girl-looking-store-window\" alt=\"\"> <img  decoding=\"async\" class=\"center-img shadow-large-black\" data-size=\"500x300\" src=\"https:\/\/city.linkwireless.it\/wp-content\/uploads\/2023\/08\/Immagine-2023-08-01-174354.jpg\" title=\"Immagine 2023-08-01 174354\" alt=\"\"> <img  decoding=\"async\" class=\"right-img shadow-large-black\" data-size=\"500x300\" src=\"https:\/\/city.linkwireless.it\/wp-content\/uploads\/2023\/08\/cropped-Immagine-2023-08-01-173805-1.jpg\" title=\"cropped-Immagine-2023-08-01-173805-1.jpg\" alt=\"\"><\/div> <\/div><\/div> <\/div>","protected":false},"excerpt":{"rendered":"<p>HARDWARE UTILIZZATO Ci sono infiniti usi, che supportano una variet\u00e0 di aziende e bisogni del pubblico. In prospettiva, si prevede che il digital signage nel pi\u00f9 maturo mercato americano crescer\u00e0 fino a raggiungere i 30 miliardi di dollari entro il 2024, numeri che suggeriscono l\u2019enorme potenziale che si trova all\u2019interno di questa tecnologia. In quest\u2019ottica&hellip; <br \/> <a class=\"read-more\" href=\"https:\/\/city.linkwireless.it\/index.php\/hardware\/\">Read more<\/a><\/p>\n","protected":false},"author":1,"featured_media":0,"parent":0,"menu_order":0,"comment_status":"closed","ping_status":"closed","template":"pro\/page-templates\/full-width-page.php","meta":{"footnotes":""},"class_list":["post-330","page","type-page","status-publish","hentry"],"_links":{"self":[{"href":"https:\/\/city.linkwireless.it\/index.php\/wp-json\/wp\/v2\/pages\/330","targetHints":{"allow":["GET"]}}],"collection":[{"href":"https:\/\/city.linkwireless.it\/index.php\/wp-json\/wp\/v2\/pages"}],"about":[{"href":"https:\/\/city.linkwireless.it\/index.php\/wp-json\/wp\/v2\/types\/page"}],"author":[{"embeddable":true,"href":"https:\/\/city.linkwireless.it\/index.php\/wp-json\/wp\/v2\/users\/1"}],"replies":[{"embeddable":true,"href":"https:\/\/city.linkwireless.it\/index.php\/wp-json\/wp\/v2\/comments?post=330"}],"version-history":[{"count":0,"href":"https:\/\/city.linkwireless.it\/index.php\/wp-json\/wp\/v2\/pages\/330\/revisions"}],"wp:attachment":[{"href":"https:\/\/city.linkwireless.it\/index.php\/wp-json\/wp\/v2\/media?parent=330"}],"curies":[{"name":"wp","href":"https:\/\/api.w.org\/{rel}","templated":true}]}}