{"id":309,"date":"2023-08-16T16:15:36","date_gmt":"2023-08-16T14:15:36","guid":{"rendered":"https:\/\/city.linkwireless.it\/?page_id=309"},"modified":"2023-12-01T18:26:53","modified_gmt":"2023-12-01T17:26:53","slug":"che-cosa-e","status":"publish","type":"page","link":"https:\/\/city.linkwireless.it\/index.php\/che-cosa-e\/","title":{"rendered":"Informazioni"},"content":{"rendered":"<div  data-label=\"About\" data-id=\"about--1\" data-export-id=\"about-10\" data-category=\"about\" class=\"about-10 content-section content-section-spacing\" id=\"about-1\" style=\"background-color: rgb(255, 255, 255);\"><div  class=\"gridContainer\"> <div  class=\"row middle-sm text-center\"><div  class=\"col-sm-5 space-bottom-xs content-column\" data-type=\"column\">  <h2  class=\"\">Che cos\u2019\u00e8?<\/h2> <p  class=\"\">\r\n<br >Il digital signage non \u00e8 pi\u00f9 solo un semplice schermo che mostra<br >\r\ncontenuti orchestrati nel tempo. Viviamo in un\u2019epoca in cui industrie, creatori e fornitori di servizi possono scegliere a piacimento tra una variet\u00e0 di hardware di segnaletica digitale per raggiungere i loro obiettivi. Alcune soluzioni software all\u2019avanguardia, consentono anche al team non tecnico di adottare le moderne tecnologie con il minimo sforzo ed esperienza. \r\n<br >Schermi multi-touch \r\n<br >consentono a una o pi\u00f9 dita di interagire con il contenuto visualizzato sullo schermo.<br >Poich\u00e9 il digital signage ha un impatto sempre<br >\r\nmaggiore sulle nostre vite e presenta opportunit\u00e0<br >\r\nper il mondo degli affari, le sue capacit\u00e0 si stanno<br >\r\nanche evolvendo da un sistema passivo che<br >\r\nspinge i contenuti ad un sistema pi\u00f9 avanzato che<br >\r\nsi connette, interagisce ed estrae i contenuti da<br >\r\ndiverse fonti in tempo reale.<br >\r\nAbbiamo tutti in mente i monitor che visualizzano<br >\r\ncontenuti multimediali a scopo informativo o<br >\r\npubblicitario. Li vediamo nelle stazioni ferroviarie,<br >\r\no negli aeroporti, ordinando cibo nei fast food,<br >\r\nacquistando biglietti per il cinema, trovando<br >\r\nindicazioni nei musei, tutto grazie alla segnaletica<br >\r\ndigitale.<\/p> <\/div> <div  class=\"col-sm-7 flexbox middle-xs center-xs space-bottom-xs\"><div  class=\"overlay-box middle-xs center-xs flexbox\"> <div  class=\"overlay-box-offset offset-border shadow-medium border-color1 hide-xs\"><\/div> <img  decoding=\"async\" class=\"shadow-large\" data-size=\"485x705\" src=\"https:\/\/city.linkwireless.it\/wp-content\/uploads\/2023\/08\/cropped-Immagine-2023-08-16-161645.jpg\" title=\"cropped-Immagine-2023-08-16-161645.jpg\" alt=\"\"><\/div> <\/div><\/div> <\/div><\/div><div  data-label=\"About\" data-id=\"about--2\" data-export-id=\"about-9\" data-category=\"about\" class=\"about-9 content-section content-section-spacing\" id=\"about-2\" style=\"background-color: rgb(245, 250, 253);\"><div  class=\"gridContainer\"> <div  class=\"row middle-sm text-center\"><div  class=\"col-sm-5 space-bottom-xs content-column content-right-sm\" data-type=\"column\">  <h2  class=\"\">Come \u00e8 fatto?<\/h2> <p  class=\"\">Wikipedia scrive che la \u201csegnaletica digitale\u201d \u00e8<br >\r\nuna sottocategoria della segnaletica elettronica<br >\r\nche, a sua volta, \u00e8 definita come tecnologie di<br >\r\nvisualizzazione come LCD, LED, proiezione e carta<br >\r\nelettronica. Definizione abbastanza inutile. La<br >\r\nsegnaletica digitale moderna \u00e8 molto pi\u00f9 di un<br >\r\nsemplice hardware. Comprendere il digital<br >\r\nsignage di oggi richiede la considerazione dei suoi<br >\r\nruoli, funzioni e capacit\u00e0 tecniche.<br >\r\nQuello che possiamo dire \u00e8 che il digital signage \u00e8<br >\r\ncomposto da tre componenti chiave:<br >\r\n\u2022 Contenuto: un inventario di audio, video,<br >\r\nimmagini, grafica, testo, RSS di fonti<br >\r\ninformative e altro, assemblato per<br >\r\nraccontare storie uniche per un numero<br >\r\nqualsiasi di intenti unici.<br >\r\n\u2022 Hardware: i componenti fisici e tangibili<br >\r\ncome schermi, supporti, dispositivi di<br >\r\npagamento, stampanti, fotocamere, ecc.<br >\r\n\u2022 Software: l\u2019infrastruttura digitale che<br >\r\nconsente la creazione, la distribuzione, la<br >\r\ngestione e l\u2019analisi dei contenuti distribuiti<br >\r\nsull\u2019hardware.<\/p> <\/div> <div  class=\"col-sm-7 flexbox flexbox middle-xs center-xs space-bottom-xs\"><div  class=\"overlay-box flexbox middle-xs center-xs overlay-holder \"> <div  class=\"overlay-box-offset offset-background shadow-medium bg-color2 hide-xs\"><\/div> <img  decoding=\"async\" class=\"flexbox shadow-large img1\" src=\"https:\/\/city.linkwireless.it\/wp-content\/uploads\/2023\/08\/cropped-Immagine-2023-08-01-173805.jpg\" data-size=\"600x400\" title=\"cropped-Immagine-2023-08-01-173805.jpg\" alt=\"\"><\/div> <\/div><\/div> <\/div><\/div>","protected":false},"excerpt":{"rendered":"<p>Che cos\u2019\u00e8? Il digital signage non \u00e8 pi\u00f9 solo un semplice schermo che mostra contenuti orchestrati nel tempo. Viviamo in un\u2019epoca in cui industrie, creatori e fornitori di servizi possono scegliere a piacimento tra una variet\u00e0 di hardware di segnaletica digitale per raggiungere i loro obiettivi. Alcune soluzioni software all\u2019avanguardia, consentono anche al team non&hellip; <br \/> <a class=\"read-more\" href=\"https:\/\/city.linkwireless.it\/index.php\/che-cosa-e\/\">Read more<\/a><\/p>\n","protected":false},"author":1,"featured_media":0,"parent":0,"menu_order":0,"comment_status":"closed","ping_status":"closed","template":"pro\/page-templates\/full-width-page.php","meta":{"footnotes":""},"class_list":["post-309","page","type-page","status-publish","hentry"],"_links":{"self":[{"href":"https:\/\/city.linkwireless.it\/index.php\/wp-json\/wp\/v2\/pages\/309","targetHints":{"allow":["GET"]}}],"collection":[{"href":"https:\/\/city.linkwireless.it\/index.php\/wp-json\/wp\/v2\/pages"}],"about":[{"href":"https:\/\/city.linkwireless.it\/index.php\/wp-json\/wp\/v2\/types\/page"}],"author":[{"embeddable":true,"href":"https:\/\/city.linkwireless.it\/index.php\/wp-json\/wp\/v2\/users\/1"}],"replies":[{"embeddable":true,"href":"https:\/\/city.linkwireless.it\/index.php\/wp-json\/wp\/v2\/comments?post=309"}],"version-history":[{"count":0,"href":"https:\/\/city.linkwireless.it\/index.php\/wp-json\/wp\/v2\/pages\/309\/revisions"}],"wp:attachment":[{"href":"https:\/\/city.linkwireless.it\/index.php\/wp-json\/wp\/v2\/media?parent=309"}],"curies":[{"name":"wp","href":"https:\/\/api.w.org\/{rel}","templated":true}]}}